{"id":12791,"date":"2024-07-17T10:04:34","date_gmt":"2024-07-17T08:04:34","guid":{"rendered":"https:\/\/www.treasure-hunt.nl\/?post_type=product&#038;p=12791"},"modified":"2025-04-05T11:40:48","modified_gmt":"2025-04-05T09:40:48","slug":"einzelspange-wek-fur-kampfer-buttonhole-baton","status":"publish","type":"product","link":"https:\/\/www.treasure-hunt.nl\/en\/product\/einzelspange-wek-fur-kampfer-buttonhole-baton\/","title":{"rendered":"Einzelspange WEK f\u00fcr K\u00e4mpfer + buttonhole baton"},"content":{"rendered":"<p><em>Einzelspange<\/em> WEK <em>(Weltkrieg Ehren Kreuz) f\u00fcr K\u00e4mpfer<\/em> with swords.<\/p>\n<p>Unmarked piece.<\/p>\n<p>In addition, a buttonhole baton for Iron Cross 2nd class + WEK <em>f\u00fcr K\u00e4mpfer.<\/em><\/p>\n","protected":false},"excerpt":{"rendered":"<p>Einzelspange WEK (Weltkrieg Ehren Kreuz) f\u00fcr K\u00e4mpfer with swords. Unmarked piece. In addition, a buttonhole baton for Iron Cross 2nd class + WEK f\u00fcr K\u00e4mpfer.<\/p>\n","protected":false},"featured_media":12786,"template":"","meta":{"_acf_changed":false},"product_brand":[],"product_cat":[48],"product_tag":[],"class_list":{"0":"post-12791","1":"product","2":"type-product","3":"status-publish","4":"has-post-thumbnail","6":"product_cat-medals-decorations","8":"first","9":"instock","10":"sold-individually","11":"taxable","12":"shipping-taxable","13":"purchasable","14":"product-type-simple"},"acf":[],"_links":{"self":[{"href":"https:\/\/www.treasure-hunt.nl\/en\/wp-json\/wp\/v2\/product\/12791","targetHints":{"allow":["GET"]}}],"collection":[{"href":"https:\/\/www.treasure-hunt.nl\/en\/wp-json\/wp\/v2\/product"}],"about":[{"href":"https:\/\/www.treasure-hunt.nl\/en\/wp-json\/wp\/v2\/types\/product"}],"wp:featuredmedia":[{"embeddable":true,"href":"https:\/\/www.treasure-hunt.nl\/en\/wp-json\/wp\/v2\/media\/12786"}],"wp:attachment":[{"href":"https:\/\/www.treasure-hunt.nl\/en\/wp-json\/wp\/v2\/media?parent=12791"}],"wp:term":[{"taxonomy":"product_brand","embeddable":true,"href":"https:\/\/www.treasure-hunt.nl\/en\/wp-json\/wp\/v2\/product_brand?post=12791"},{"taxonomy":"product_cat","embeddable":true,"href":"https:\/\/www.treasure-hunt.nl\/en\/wp-json\/wp\/v2\/product_cat?post=12791"},{"taxonomy":"product_tag","embeddable":true,"href":"https:\/\/www.treasure-hunt.nl\/en\/wp-json\/wp\/v2\/product_tag?post=12791"}],"curies":[{"name":"wp","href":"https:\/\/api.w.org\/{rel}","templated":true}]}}