{"id":12967,"date":"2024-08-09T12:02:00","date_gmt":"2024-08-09T10:02:00","guid":{"rendered":"https:\/\/www.treasure-hunt.nl\/?post_type=product&#038;p=12967"},"modified":"2024-08-09T12:02:01","modified_gmt":"2024-08-09T10:02:01","slug":"waffenrock-3-jager-bat-einjahrige-fr","status":"publish","type":"product","link":"https:\/\/www.treasure-hunt.nl\/en\/product\/waffenrock-3-jager-bat-einjahrige-fr\/","title":{"rendered":"Waffenrock 3.J\u00e4ger-Bat., Einj\u00e4hrige-Fr."},"content":{"rendered":"<p>Waffenrock for a NCO and <em>Einj\u00e4hrige-Freiwillige<\/em> of the<em> Brandenburgisches J\u00e4ger-Bataillon Nr.3, Preu\u00dfen.<\/em><\/p>\n<p>Private piece in Laeken wool.<\/p>\n<p>Shoulder straps with Prussian colours bordered for <em>Einj\u00e4hrige-Freiwillige.<\/em><\/p>\n<p>Very nice and fresh colour example with one tiny small moth hole on the front, see photo.<\/p>\n<p>Inside provided with supplier label in the neck, but unfortunately illegible.<\/p>\n<p>&nbsp;<\/p>\n<p>The belt and buckle does not belong to this sale!<\/p>\n","protected":false},"excerpt":{"rendered":"<p>Waffenrock for a NCO and Einj\u00e4hrige-Freiwillige of the Brandenburgisches J\u00e4ger-Bataillon Nr.3, Preu\u00dfen. Private piece in Laeken wool. Shoulder straps with Prussian colours bordered for Einj\u00e4hrige-Freiwillige. Very nice and fresh colour example with one tiny small moth hole on the front, see photo. Inside provided with supplier label in the neck, but unfortunately illegible. &nbsp; The [&hellip;]<\/p>\n","protected":false},"featured_media":12938,"template":"","meta":{"_acf_changed":false},"product_brand":[],"product_cat":[47],"product_tag":[],"class_list":{"0":"post-12967","1":"product","2":"type-product","3":"status-publish","4":"has-post-thumbnail","6":"product_cat-uniforms-parts","8":"first","9":"instock","10":"sold-individually","11":"taxable","12":"shipping-taxable","13":"purchasable","14":"product-type-simple"},"acf":[],"_links":{"self":[{"href":"https:\/\/www.treasure-hunt.nl\/en\/wp-json\/wp\/v2\/product\/12967","targetHints":{"allow":["GET"]}}],"collection":[{"href":"https:\/\/www.treasure-hunt.nl\/en\/wp-json\/wp\/v2\/product"}],"about":[{"href":"https:\/\/www.treasure-hunt.nl\/en\/wp-json\/wp\/v2\/types\/product"}],"wp:featuredmedia":[{"embeddable":true,"href":"https:\/\/www.treasure-hunt.nl\/en\/wp-json\/wp\/v2\/media\/12938"}],"wp:attachment":[{"href":"https:\/\/www.treasure-hunt.nl\/en\/wp-json\/wp\/v2\/media?parent=12967"}],"wp:term":[{"taxonomy":"product_brand","embeddable":true,"href":"https:\/\/www.treasure-hunt.nl\/en\/wp-json\/wp\/v2\/product_brand?post=12967"},{"taxonomy":"product_cat","embeddable":true,"href":"https:\/\/www.treasure-hunt.nl\/en\/wp-json\/wp\/v2\/product_cat?post=12967"},{"taxonomy":"product_tag","embeddable":true,"href":"https:\/\/www.treasure-hunt.nl\/en\/wp-json\/wp\/v2\/product_tag?post=12967"}],"curies":[{"name":"wp","href":"https:\/\/api.w.org\/{rel}","templated":true}]}}