{"id":18894,"date":"2025-03-28T13:41:54","date_gmt":"2025-03-28T12:41:54","guid":{"rendered":"https:\/\/www.treasure-hunt.nl\/?post_type=product&#038;p=18894"},"modified":"2026-02-28T12:08:36","modified_gmt":"2026-02-28T11:08:36","slug":"mp-soldbuch-hulle-wir53-landw-ir74-ek2-braunschw-mvk2","status":"publish","type":"product","link":"https:\/\/www.treasure-hunt.nl\/en\/product\/mp-soldbuch-hulle-wir53-landw-ir74-ek2-braunschw-mvk2\/","title":{"rendered":"MP+ Soldbuch+ H\u00fclle WIR53 , Landw.IR74 , EK2 + Braunschw.MvK2"},"content":{"rendered":"<p><em>Military pass + Soldbuch + H\u00fclle<\/em> in the name of soldier <em>Neumann<\/em> from Braunschweig.<\/p>\n<p>Neumann was in the service of <em>5.Westf\u00e4lisches Infanterie Regiment Nr.53, 12.Kompanie<\/em> from 1900 to 1902.<\/p>\n<p>In service as a <em>Krankentr\u00e4ger<\/em> and equipped with<em> Reichsrevolver &#8217;85<\/em> and <em>Gewehr &#8217;88.<\/em><\/p>\n<p>Decorated with <em>1.Schiessklasse,Schutzenabzeichen f\u00fcr 1902.<\/em><\/p>\n<p>&nbsp;<\/p>\n<p>During the war he served with <em>Landw.Inf.Reg.74, 11.Kompanie<\/em>, where he was promoted three times between 1917 and 1918, eventually becoming a sergeant.<\/p>\n<p>Also decorated on 28-2-1918 with the Iron Cross 2nd class and on 26-9-1918 with the Braunschweig <em>Milit\u00e4r Verdienst Kreuz<\/em> 2nd class.<\/p>\n<p>Fought at Dylekanaal (BE), Antwerp, Yser, Broodseinde, Yper, Pilkem-Langemark, Somme, Champagne.<\/p>\n<p>&nbsp;<\/p>\n<p>&nbsp;<\/p>\n","protected":false},"excerpt":{"rendered":"<p>Military pass + Soldbuch + H\u00fclle in the name of soldier Neumann from Braunschweig. Neumann was in the service of 5.Westf\u00e4lisches Infanterie Regiment Nr.53, 12.Kompanie from 1900 to 1902. In service as a Krankentr\u00e4ger and equipped with Reichsrevolver &#8217;85 and Gewehr &#8217;88. Decorated with 1.Schiessklasse,Schutzenabzeichen f\u00fcr 1902. &nbsp; During the war he served with Landw.Inf.Reg.74, [&hellip;]<\/p>\n","protected":false},"featured_media":18863,"template":"","meta":{"_acf_changed":false},"product_brand":[],"product_cat":[50],"product_tag":[],"class_list":{"0":"post-18894","1":"product","2":"type-product","3":"status-publish","4":"has-post-thumbnail","6":"product_cat-misselaneous","8":"first","9":"instock","10":"sold-individually","11":"taxable","12":"shipping-taxable","13":"purchasable","14":"product-type-simple"},"acf":[],"_links":{"self":[{"href":"https:\/\/www.treasure-hunt.nl\/en\/wp-json\/wp\/v2\/product\/18894","targetHints":{"allow":["GET"]}}],"collection":[{"href":"https:\/\/www.treasure-hunt.nl\/en\/wp-json\/wp\/v2\/product"}],"about":[{"href":"https:\/\/www.treasure-hunt.nl\/en\/wp-json\/wp\/v2\/types\/product"}],"wp:featuredmedia":[{"embeddable":true,"href":"https:\/\/www.treasure-hunt.nl\/en\/wp-json\/wp\/v2\/media\/18863"}],"wp:attachment":[{"href":"https:\/\/www.treasure-hunt.nl\/en\/wp-json\/wp\/v2\/media?parent=18894"}],"wp:term":[{"taxonomy":"product_brand","embeddable":true,"href":"https:\/\/www.treasure-hunt.nl\/en\/wp-json\/wp\/v2\/product_brand?post=18894"},{"taxonomy":"product_cat","embeddable":true,"href":"https:\/\/www.treasure-hunt.nl\/en\/wp-json\/wp\/v2\/product_cat?post=18894"},{"taxonomy":"product_tag","embeddable":true,"href":"https:\/\/www.treasure-hunt.nl\/en\/wp-json\/wp\/v2\/product_tag?post=18894"}],"curies":[{"name":"wp","href":"https:\/\/api.w.org\/{rel}","templated":true}]}}