{"id":26306,"date":"2026-03-06T15:35:57","date_gmt":"2026-03-06T14:35:57","guid":{"rendered":"https:\/\/www.treasure-hunt.nl\/?post_type=product&#038;p=26306"},"modified":"2026-03-20T13:51:25","modified_gmt":"2026-03-20T12:51:25","slug":"wurttembergeinjahrige-freiwillige-infanterie-pickelhaube","status":"publish","type":"product","link":"https:\/\/www.treasure-hunt.nl\/en\/product\/wurttembergeinjahrige-freiwillige-infanterie-pickelhaube\/","title":{"rendered":"W\u00fcrttemberg,Einj\u00e4hrige Freiwillige Infanterie Pickelhaube"},"content":{"rendered":"<p>Pickelhaube for a <em>Einj\u00e4hrige Freiwillige,\u00a0<\/em>Infantry.<\/p>\n<p>Officer-style leather helmet with beautiful gilded fittings.<\/p>\n<p>High, removable peak, leather interior with silk lining.<\/p>\n<p>A splint from the <em>Teller<\/em> has been replaced at some point (although it is original).<\/p>\n<p>A magnificent example !<\/p>\n","protected":false},"excerpt":{"rendered":"<p>Pickelhaube for a Einj\u00e4hrige Freiwillige,\u00a0Infantry. Officer-style leather helmet with beautiful gilded fittings. High, removable peak, leather interior with silk lining. A splint from the Teller has been replaced at some point (although it is original). A magnificent example !<\/p>\n","protected":false},"featured_media":26281,"template":"","meta":{"_acf_changed":false},"product_brand":[],"product_cat":[46],"product_tag":[],"class_list":{"0":"post-26306","1":"product","2":"type-product","3":"status-publish","4":"has-post-thumbnail","6":"product_cat-headgear","8":"first","9":"instock","10":"sold-individually","11":"taxable","12":"shipping-taxable","13":"purchasable","14":"product-type-simple"},"acf":[],"_links":{"self":[{"href":"https:\/\/www.treasure-hunt.nl\/en\/wp-json\/wp\/v2\/product\/26306","targetHints":{"allow":["GET"]}}],"collection":[{"href":"https:\/\/www.treasure-hunt.nl\/en\/wp-json\/wp\/v2\/product"}],"about":[{"href":"https:\/\/www.treasure-hunt.nl\/en\/wp-json\/wp\/v2\/types\/product"}],"wp:featuredmedia":[{"embeddable":true,"href":"https:\/\/www.treasure-hunt.nl\/en\/wp-json\/wp\/v2\/media\/26281"}],"wp:attachment":[{"href":"https:\/\/www.treasure-hunt.nl\/en\/wp-json\/wp\/v2\/media?parent=26306"}],"wp:term":[{"taxonomy":"product_brand","embeddable":true,"href":"https:\/\/www.treasure-hunt.nl\/en\/wp-json\/wp\/v2\/product_brand?post=26306"},{"taxonomy":"product_cat","embeddable":true,"href":"https:\/\/www.treasure-hunt.nl\/en\/wp-json\/wp\/v2\/product_cat?post=26306"},{"taxonomy":"product_tag","embeddable":true,"href":"https:\/\/www.treasure-hunt.nl\/en\/wp-json\/wp\/v2\/product_tag?post=26306"}],"curies":[{"name":"wp","href":"https:\/\/api.w.org\/{rel}","templated":true}]}}