{"id":7111,"date":"2023-11-27T10:28:00","date_gmt":"2023-11-27T09:28:00","guid":{"rendered":"https:\/\/treasurehunt.fanatiekmedia.nl\/?post_type=product&#038;p=7111"},"modified":"2024-01-03T13:24:22","modified_gmt":"2024-01-03T12:24:22","slug":"photogarde-jagerkaiserabzeichenschutzenschnurr-etc","status":"publish","type":"product","link":"https:\/\/www.treasure-hunt.nl\/en\/product\/photogarde-jagerkaiserabzeichenschutzenschnurr-etc\/","title":{"rendered":"Photo,Garde J\u00e4ger,Kaiserabzeichen,Sch\u00fctzenschnurr etc."},"content":{"rendered":"<p>Photo, enlisted man of\u00a0<em>Garde J\u00e4ger<\/em>.<\/p>\n<p><em>Tschako<\/em>\u00a0with Guard star and\u00a0<em>Mann\u00f6verband-\u00fcberzug, Kaiserabzeichen,Sch\u00fctzenschnurr.<\/em><\/p>\n","protected":false},"excerpt":{"rendered":"<p>Photo, enlisted man of\u00a0Garde J\u00e4ger. Tschako\u00a0with Guard star and\u00a0Mann\u00f6verband-\u00fcberzug, Kaiserabzeichen,Sch\u00fctzenschnurr.<\/p>\n","protected":false},"featured_media":8446,"template":"","meta":{"_acf_changed":false},"product_brand":[],"product_cat":[53],"product_tag":[],"class_list":{"0":"post-7111","1":"product","2":"type-product","3":"status-publish","4":"has-post-thumbnail","6":"product_cat-photos-postcards-and-autographs","8":"first","9":"instock","10":"taxable","11":"shipping-taxable","12":"purchasable","13":"product-type-simple"},"acf":[],"_links":{"self":[{"href":"https:\/\/www.treasure-hunt.nl\/en\/wp-json\/wp\/v2\/product\/7111","targetHints":{"allow":["GET"]}}],"collection":[{"href":"https:\/\/www.treasure-hunt.nl\/en\/wp-json\/wp\/v2\/product"}],"about":[{"href":"https:\/\/www.treasure-hunt.nl\/en\/wp-json\/wp\/v2\/types\/product"}],"wp:featuredmedia":[{"embeddable":true,"href":"https:\/\/www.treasure-hunt.nl\/en\/wp-json\/wp\/v2\/media\/8446"}],"wp:attachment":[{"href":"https:\/\/www.treasure-hunt.nl\/en\/wp-json\/wp\/v2\/media?parent=7111"}],"wp:term":[{"taxonomy":"product_brand","embeddable":true,"href":"https:\/\/www.treasure-hunt.nl\/en\/wp-json\/wp\/v2\/product_brand?post=7111"},{"taxonomy":"product_cat","embeddable":true,"href":"https:\/\/www.treasure-hunt.nl\/en\/wp-json\/wp\/v2\/product_cat?post=7111"},{"taxonomy":"product_tag","embeddable":true,"href":"https:\/\/www.treasure-hunt.nl\/en\/wp-json\/wp\/v2\/product_tag?post=7111"}],"curies":[{"name":"wp","href":"https:\/\/api.w.org\/{rel}","templated":true}]}}