{"id":7125,"date":"2023-11-27T10:28:00","date_gmt":"2023-11-27T09:28:00","guid":{"rendered":"https:\/\/treasurehunt.fanatiekmedia.nl\/?post_type=product&#038;p=7125"},"modified":"2023-12-08T11:14:14","modified_gmt":"2023-12-08T10:14:14","slug":"2x-medal-joffre-1914-1915-in-box","status":"publish","type":"product","link":"https:\/\/www.treasure-hunt.nl\/en\/product\/2x-medal-joffre-1914-1915-in-box\/","title":{"rendered":"2x Medal Joffre 1914 &#8211; 1915 in box."},"content":{"rendered":"<p>Two unkown medals with the image of General Joffre.<\/p>\n<p>Examples in bronze and silver (-coloured).<\/p>\n<p>Text at the back;\u00a0<em>Honneur au G\u00e9neral Joffre , G\u00e9neralissime des Armees Alli\u00e9es 1914 -1915 . Bruxelles-Occupation.<\/em><\/p>\n<p>Complete with boxes.<\/p>\n<p>Size 3 x 2 cm.<\/p>\n","protected":false},"excerpt":{"rendered":"<p>Two unkown medals with the image of General Joffre. Examples in bronze and silver (-coloured). Text at the back;\u00a0Honneur au G\u00e9neral Joffre , G\u00e9neralissime des Armees Alli\u00e9es 1914 -1915 . Bruxelles-Occupation. Complete with boxes. Size 3 x 2 cm.<\/p>\n","protected":false},"featured_media":1153,"template":"","meta":{"_acf_changed":false},"product_brand":[],"product_cat":[54],"product_tag":[],"class_list":{"0":"post-7125","1":"product","2":"type-product","3":"status-publish","4":"has-post-thumbnail","6":"product_cat-french","8":"first","9":"instock","10":"taxable","11":"shipping-taxable","12":"purchasable","13":"product-type-simple"},"acf":[],"_links":{"self":[{"href":"https:\/\/www.treasure-hunt.nl\/en\/wp-json\/wp\/v2\/product\/7125","targetHints":{"allow":["GET"]}}],"collection":[{"href":"https:\/\/www.treasure-hunt.nl\/en\/wp-json\/wp\/v2\/product"}],"about":[{"href":"https:\/\/www.treasure-hunt.nl\/en\/wp-json\/wp\/v2\/types\/product"}],"wp:featuredmedia":[{"embeddable":true,"href":"https:\/\/www.treasure-hunt.nl\/en\/wp-json\/wp\/v2\/media\/1153"}],"wp:attachment":[{"href":"https:\/\/www.treasure-hunt.nl\/en\/wp-json\/wp\/v2\/media?parent=7125"}],"wp:term":[{"taxonomy":"product_brand","embeddable":true,"href":"https:\/\/www.treasure-hunt.nl\/en\/wp-json\/wp\/v2\/product_brand?post=7125"},{"taxonomy":"product_cat","embeddable":true,"href":"https:\/\/www.treasure-hunt.nl\/en\/wp-json\/wp\/v2\/product_cat?post=7125"},{"taxonomy":"product_tag","embeddable":true,"href":"https:\/\/www.treasure-hunt.nl\/en\/wp-json\/wp\/v2\/product_tag?post=7125"}],"curies":[{"name":"wp","href":"https:\/\/api.w.org\/{rel}","templated":true}]}}