{"id":7216,"date":"2023-11-27T10:27:51","date_gmt":"2023-11-27T09:27:51","guid":{"rendered":"https:\/\/treasurehunt.fanatiekmedia.nl\/?post_type=product&#038;p=7216"},"modified":"2024-07-22T13:14:27","modified_gmt":"2024-07-22T11:14:27","slug":"photosaxon-jager-wounded-badge","status":"publish","type":"product","link":"https:\/\/www.treasure-hunt.nl\/en\/product\/photosaxon-jager-wounded-badge\/","title":{"rendered":"Photo,Saxon J\u00e4ger + wounded badge."},"content":{"rendered":"<p>Photo of a sergeant from the\u00a02.K\u00f6niglich S\u00e4chsisches J\u00e4ger-Batallion Nr.13 .<\/p>\n<p>He&#8217;s decorated with a wounded badge and an iron cross miniature bar.<\/p>\n","protected":false},"excerpt":{"rendered":"<p>Photo of a sergeant from the\u00a02.K\u00f6niglich S\u00e4chsisches J\u00e4ger-Batallion Nr.13 . He&#8217;s decorated with a wounded badge and an iron cross miniature bar.<\/p>\n","protected":false},"featured_media":8486,"template":"","meta":{"_acf_changed":false},"product_brand":[],"product_cat":[53],"product_tag":[],"class_list":{"0":"post-7216","1":"product","2":"type-product","3":"status-publish","4":"has-post-thumbnail","6":"product_cat-photos-postcards-and-autographs","8":"first","9":"instock","10":"taxable","11":"shipping-taxable","12":"purchasable","13":"product-type-simple"},"acf":[],"_links":{"self":[{"href":"https:\/\/www.treasure-hunt.nl\/en\/wp-json\/wp\/v2\/product\/7216","targetHints":{"allow":["GET"]}}],"collection":[{"href":"https:\/\/www.treasure-hunt.nl\/en\/wp-json\/wp\/v2\/product"}],"about":[{"href":"https:\/\/www.treasure-hunt.nl\/en\/wp-json\/wp\/v2\/types\/product"}],"wp:featuredmedia":[{"embeddable":true,"href":"https:\/\/www.treasure-hunt.nl\/en\/wp-json\/wp\/v2\/media\/8486"}],"wp:attachment":[{"href":"https:\/\/www.treasure-hunt.nl\/en\/wp-json\/wp\/v2\/media?parent=7216"}],"wp:term":[{"taxonomy":"product_brand","embeddable":true,"href":"https:\/\/www.treasure-hunt.nl\/en\/wp-json\/wp\/v2\/product_brand?post=7216"},{"taxonomy":"product_cat","embeddable":true,"href":"https:\/\/www.treasure-hunt.nl\/en\/wp-json\/wp\/v2\/product_cat?post=7216"},{"taxonomy":"product_tag","embeddable":true,"href":"https:\/\/www.treasure-hunt.nl\/en\/wp-json\/wp\/v2\/product_tag?post=7216"}],"curies":[{"name":"wp","href":"https:\/\/api.w.org\/{rel}","templated":true}]}}